{"id":91,"date":"2015-12-28T16:35:44","date_gmt":"2015-12-28T15:35:44","guid":{"rendered":"http:\/\/ozedanse.fr\/?page_id=91"},"modified":"2023-02-16T19:56:08","modified_gmt":"2023-02-16T18:56:08","slug":"l-association","status":"publish","type":"page","link":"https:\/\/ozedanse.fr\/index.php\/l-association\/","title":{"rendered":"L&rsquo;association, la synergie des b\u00e9n\u00e9voles et de nos salari\u00e9s"},"content":{"rendered":"\n<p>Oz\u00e9Danse, Ecole de Danse de Beaucouz\u00e9 est une Association loi 1901 g\u00e9r\u00e9e un bureau de b\u00e9n\u00e9voles second\u00e9 par le conseil d\u2019administration, sans oublier l\u2019ensemble des b\u00e9n\u00e9voles occasionnels qui peuvent nous aider ponctuellement, originaires de Beaucouz\u00e9 et de quelques communes alentours. Oz\u00e9danse, ne pourrait \u00e9galement exister sans nos 6 professeurs et notre assistante administrative.<\/p>\n\n\n\n<p>Notre projet partag\u00e9 par les b\u00e9n\u00e9voles et nos professeurs :<\/p>\n\n\n\n<ul><li>Proposer une palette de discipline de danse o\u00f9 chacun puisse se retrouver en fonction de sa sensibilit\u00e9 et son objectif,<\/li><li>Partager des temps d\u2019\u00e9change, de partage autour du plaisir de la danse et de la musique en acqu\u00e9rant la technique progressivement au cours de l\u2019ann\u00e9e<\/li><li>Organiser des \u00e9v\u00e8nements tels que le gala de fin d\u2019ann\u00e9e pour appr\u00e9cier et sublimer le travail de tous.<\/li><li>Permettre l\u2019accessibilit\u00e9 tarifaire de notre offre \u00e0 un plus grand nombre gr\u00e2ce \u00e0 la mobilisation des b\u00e9n\u00e9voles<\/li><\/ul>\n\n\n\n<p>Pour cela, nous proposons des cours \u00e0 partir de 4 ans d\u2019\u00e9veil, d\u2019initiation puis de Classique, de Modern Jazz, de Contemporain, de Hip Hop ainsi que de Jaydance, la nouveaut\u00e9 2022.<\/p>\n\n\n\n<p>Les cours de l\u2019\u00e9cole sont dispens\u00e9s \u00e0 Beaucouz\u00e9, soit dans la salle du Domino, soit au complexe sportif dans la salle Noureev. La mairie de <a href=\"http:\/\/www.ville-beaucouze.fr\" target=\"_blank\" rel=\"noopener noreferrer\">Beaucouz\u00e9<\/a> soutient chaque ann\u00e9e l\u2019\u00e9cole en participant \u00e0 son fonctionnement et en mettant ses installations \u00e0 la disposition de nos \u00e9l\u00e8ves et professeurs.<\/p>\n\n\n\n<figure class=\"wp-block-image is-style-default\"><a href=\"http:\/\/ozedanse.fr\/wp-content\/uploads\/2022\/09\/Capture-decran-2022-09-01-102344.png\"><img decoding=\"async\" loading=\"lazy\" width=\"268\" height=\"72\" src=\"http:\/\/ozedanse.fr\/wp-content\/uploads\/2022\/09\/Capture-decran-2022-09-01-102344.png\" alt=\"\" class=\"wp-image-1900\"\/><\/a><\/figure>\n\n\n\n<div class=\"wp-block-columns is-layout-flex wp-container-4\">\n<div class=\"wp-block-column is-layout-flow\" style=\"flex-basis:100%\">\n<div class=\"wp-block-columns is-layout-flex wp-container-2\">\n<div class=\"wp-block-column is-layout-flow\" style=\"flex-basis:100%\">\n<figure class=\"wp-block-image size-full is-style-default\"><a href=\"http:\/\/ozedanse.fr\/wp-content\/uploads\/2023\/02\/bandeau-bureau-1.jpg\"><img decoding=\"async\" loading=\"lazy\" width=\"993\" height=\"379\" src=\"http:\/\/ozedanse.fr\/wp-content\/uploads\/2023\/02\/bandeau-bureau-1.jpg\" alt=\"\" class=\"wp-image-1995\" srcset=\"https:\/\/ozedanse.fr\/wp-content\/uploads\/2023\/02\/bandeau-bureau-1.jpg 993w, https:\/\/ozedanse.fr\/wp-content\/uploads\/2023\/02\/bandeau-bureau-1-300x115.jpg 300w, https:\/\/ozedanse.fr\/wp-content\/uploads\/2023\/02\/bandeau-bureau-1-768x293.jpg 768w\" sizes=\"(max-width: 993px) 100vw, 993px\" \/><\/a><\/figure>\n\n\n\n<figure class=\"wp-block-image size-full is-style-default\"><a href=\"http:\/\/ozedanse.fr\/wp-content\/uploads\/2023\/02\/photo-salarie-1.png\"><img decoding=\"async\" loading=\"lazy\" width=\"815\" height=\"724\" src=\"http:\/\/ozedanse.fr\/wp-content\/uploads\/2023\/02\/photo-salarie-1.png\" alt=\"\" class=\"wp-image-1996\" srcset=\"https:\/\/ozedanse.fr\/wp-content\/uploads\/2023\/02\/photo-salarie-1.png 815w, https:\/\/ozedanse.fr\/wp-content\/uploads\/2023\/02\/photo-salarie-1-300x267.png 300w, https:\/\/ozedanse.fr\/wp-content\/uploads\/2023\/02\/photo-salarie-1-768x682.png 768w\" sizes=\"(max-width: 815px) 100vw, 815px\" \/><\/a><\/figure>\n<\/div>\n<\/div>\n<\/div>\n<\/div>\n\n\n\n<p>Des photos des pr\u00e9c\u00e9dents galas sont visibles dans la rubrique&nbsp; <a href=\"http:\/\/ozedanse.fr\/index.php\/galerie-photo\/\">Photos&amp;Vid\u00e9o<\/a><\/p>\n\n\n\n<p>Cette ann\u00e9e, afin de contribuer au bon fonctionnement de l&rsquo;association, nous avons constitu\u00e9 4 commissions :<\/p>\n\n\n\n<p><em><strong>&#8211; la commission t\u00e9l\u00e9thon \/ portes ouvertes dont l&rsquo;action se d\u00e9roulera du 28 novembre au 3 d\u00e9cembre :<\/strong><\/em><br>* R\u00e9aliser un planning de disponibilit\u00e9s des b\u00e9n\u00e9voles pour encadrer chacune des actions et mobiliser si besoin d&rsquo;autres b\u00e9n\u00e9voles.<br>* Organiser la mise en place (chaises, urne, discours, confiseries &#8230;)&nbsp;conjointement avec un membre du bureau<br>* Prendre des photos et vid\u00e9os afin que notre coordinatrice administrative&nbsp;puisse les relayer sur les r\u00e9seaux.<\/p>\n\n\n\n<p><strong><em>&#8211; la commission costumiers qui peut se d\u00e9rouler sur des temps r\u00e9partis \u00e0 l&rsquo;ann\u00e9e<\/em><\/strong><br>* R\u00e9aliser un inventaire des costumes afin de mettre \u00e0 jour le site&nbsp;internet.<br>* Participer \u00e0 la premi\u00e8re r\u00e9union de pr\u00e9paration du gala qui se tiendra&nbsp;au mois de janvier afin de pr\u00e9senter le costumiers aux professeurs.<br>* Recueillir leur souhait pour le gala, r\u00e9aliser \u00e9ventuellement les&nbsp;achats.<br>* Organiser les essayages des costumes et le positionnement dans les loges&nbsp;d\u00e9finies.<br>* Organiser le lavage des costumes.<br>* R\u00e9aliser le rangement des costumes apr\u00e8s le gala.<\/p>\n\n\n\n<p><strong><em>&#8211; la commission affiche et programme du gala (de janvier \u00e0 d\u00e9but mai)<\/em><\/strong><br>* Participer \u00e0 la r\u00e9union de pr\u00e9paration du gala avec les professeurs en&nbsp;janvier afin de s&rsquo;impr\u00e9gner de la dynamique et du th\u00e8me.<br>* R\u00e9aliser des propositions de support aupr\u00e8s du bureau et des professeurs<br>* Finaliser les supports de communication afin d&rsquo;int\u00e9grer le d\u00e9roul\u00e9 du&nbsp;gala<br>* R\u00e9aliser les devis d&rsquo;impression et r\u00e9cup\u00e9rer les supports.<\/p>\n\n\n\n<p><strong><em>&#8211; la commission sponsors (sur le mois d&rsquo;avril)<\/em><\/strong><br>* Lister les partenaires. R\u00e9aliser une plaquette \u00e0 jour de l&rsquo;association&nbsp;ainsi qu&rsquo;une proposition de degr\u00e9 de reconnaissance selon les dons.<br>* Prospecter les partenaires.<br>* Lister les contributions et transmettre la liste des sponsors \u00e0 la&nbsp;commission affiche et programme pour l&rsquo;int\u00e9gration sur les supports.<\/p>\n","protected":false},"excerpt":{"rendered":"<p>Oz\u00e9Danse, Ecole de Danse de Beaucouz\u00e9 est une Association loi 1901 g\u00e9r\u00e9e un bureau de b\u00e9n\u00e9voles second\u00e9 par le conseil d\u2019administration, sans oublier l\u2019ensemble des b\u00e9n\u00e9voles occasionnels qui peuvent nous aider ponctuellement, originaires de Beaucouz\u00e9 et de quelques communes alentours. Oz\u00e9danse, ne pourrait \u00e9galement exister sans nos 6 professeurs et notre assistante administrative. Notre projet &hellip; <\/p>\n","protected":false},"author":1,"featured_media":0,"parent":0,"menu_order":1,"comment_status":"closed","ping_status":"closed","template":"","meta":[],"_links":{"self":[{"href":"https:\/\/ozedanse.fr\/index.php\/wp-json\/wp\/v2\/pages\/91"}],"collection":[{"href":"https:\/\/ozedanse.fr\/index.php\/wp-json\/wp\/v2\/pages"}],"about":[{"href":"https:\/\/ozedanse.fr\/index.php\/wp-json\/wp\/v2\/types\/page"}],"author":[{"embeddable":true,"href":"https:\/\/ozedanse.fr\/index.php\/wp-json\/wp\/v2\/users\/1"}],"replies":[{"embeddable":true,"href":"https:\/\/ozedanse.fr\/index.php\/wp-json\/wp\/v2\/comments?post=91"}],"version-history":[{"count":36,"href":"https:\/\/ozedanse.fr\/index.php\/wp-json\/wp\/v2\/pages\/91\/revisions"}],"predecessor-version":[{"id":1998,"href":"https:\/\/ozedanse.fr\/index.php\/wp-json\/wp\/v2\/pages\/91\/revisions\/1998"}],"wp:attachment":[{"href":"https:\/\/ozedanse.fr\/index.php\/wp-json\/wp\/v2\/media?parent=91"}],"curies":[{"name":"wp","href":"https:\/\/api.w.org\/{rel}","templated":true}]}}