{"id":484,"date":"2025-06-04T22:21:44","date_gmt":"2025-06-04T21:21:44","guid":{"rendered":"http:\/\/ozedanse.fr\/?page_id=484"},"modified":"2025-10-04T15:30:59","modified_gmt":"2025-10-04T14:30:59","slug":"inscriptions","status":"publish","type":"page","link":"https:\/\/ozedanse.fr\/index.php\/inscriptions\/","title":{"rendered":"Ouverture des inscriptions 2025-2026"},"content":{"rendered":"\n<p>L\u2019inscription aux cours de danse s\u2019effectue pour une<strong>&nbsp;saison compl\u00e8te<\/strong> qui d\u00e9marre en Septembre et se termine en Juin. Avec Ozedanse vous b\u00e9n\u00e9ficiez de cours progressifs sur l\u2019ann\u00e9e. Vous avez cours 1 fois par semaine, ce qui correspond \u00e0<strong> 31 cours dans l\u2019ann\u00e9e<\/strong>, sauf pour le classique qui est sur 29 cours. Vous \u00e9voluez ainsi avec le m\u00eame groupe de danseurs tout au long de la saison, ce qui vous fait <strong>progresser rapidement<\/strong>. En plus de l\u2019apport technique, les cours sont ax\u00e9s sur le&nbsp;<strong>bien \u00eatre<\/strong>, la&nbsp;<strong>convivialit\u00e9<\/strong>, le&nbsp;<strong>plaisir de la musique<\/strong>&nbsp;et le&nbsp;<strong>partage de la danse<\/strong>.&nbsp;<\/p>\n\n\n\n<p class=\"has-text-align-center\"><span class=\"_4n-j _3cht fsl\" data-testid=\"event-permalink-details\">\u2192<\/span><mark style=\"background-color:rgba(0, 0, 0, 0)\" class=\"has-inline-color has-vivid-purple-color\"> <\/mark><strong><em><mark style=\"background-color:rgba(0, 0, 0, 0)\" class=\"has-inline-color has-pale-pink-color\">Vous trouverez certainement une discipline qui vous plaira : <\/mark><\/em><\/strong><mark style=\"background-color:rgba(0, 0, 0, 0)\" class=\"has-inline-color has-vivid-purple-color\">&nbsp;<\/mark><\/p>\n\n\n\n<ul>\n<li><span style=\"color: #cc99ff;\"><strong><mark style=\"background-color:rgba(0, 0, 0, 0)\" class=\"has-inline-color has-vivid-cyan-blue-color\">Eveil \/ Initiation <\/mark><\/strong><\/span>\u00e0 la danse<\/li>\n\n\n\n<li><span style=\"color: #cc99ff;\"><mark style=\"background-color:rgba(0, 0, 0, 0)\" class=\"has-inline-color has-vivid-cyan-blue-color\"><strong>Classique<\/strong><\/mark><\/span> <\/li>\n\n\n\n<li><span style=\"color: #cc99ff;\"><strong><mark style=\"background-color:rgba(0, 0, 0, 0)\" class=\"has-inline-color has-vivid-cyan-blue-color\">Modern Jazz<\/mark><\/strong><\/span> <\/li>\n\n\n\n<li><span style=\"color: #cc99ff;\"><strong><mark style=\"background-color:rgba(0, 0, 0, 0)\" class=\"has-inline-color has-vivid-cyan-blue-color\">Contemporain<\/mark><\/strong><\/span> <\/li>\n\n\n\n<li><span style=\"color: #cc99ff;\"><strong><mark style=\"background-color:rgba(0, 0, 0, 0)\" class=\"has-inline-color has-vivid-cyan-blue-color\">Hip Hop<\/mark><\/strong><\/span><mark style=\"background-color:rgba(0, 0, 0, 0)\" class=\"has-inline-color has-vivid-cyan-blue-color\"> <\/mark><\/li>\n<\/ul>\n\n\n\n<p><strong><strong>R\u00e8glement int\u00e9rieur d&rsquo;Oz\u00e9Danse : <\/strong><\/strong><a href=\"https:\/\/drive.google.com\/file\/d\/1zHVXMdpk84DQhavEyPsTgwZpkGPSg169\/view?usp=drive_link\" target=\"_blank\" rel=\"noreferrer noopener\">R\u00e8glement int\u00e9rieur 2025 2026<\/a><\/p>\n\n\n\n<p><strong><strong>Tarifs et cours propos\u00e9s: <\/strong><\/strong><a href=\"https:\/\/drive.google.com\/file\/d\/1IrJZ5w5BGE-_bZ54Ax2QkyAvJ71ZSGje\/view?usp=sharing\" target=\"_blank\" rel=\"noreferrer noopener\">Tarif Cours 2025 2026<\/a><\/p>\n\n\n\n<p><strong>Lors de l&rsquo;inscription sur le site, les prix affich\u00e9s correspondent au tarif hors beaucouz\u00e9ens. Une r\u00e9duction du montant diff\u00e9rentiel entre les beaucouz\u00e9ens et hors beaucouz\u00e9ens s&rsquo;appliquera lors du panier. Le co\u00fbt total comprend le co\u00fbt de l&rsquo;adh\u00e9sion de 12\u20ac<\/strong> obligatoire par famille. Une r\u00e9duction de celle-ci d&rsquo;un m\u00eame montant sera appliqu\u00e9e pour les multi cours.<\/p>\n\n\n\n<p class=\"has-text-align-center\">UN SEUL LIEN : <a href=\"https:\/\/ozedanse.comiti-sport.fr\">https:\/\/ozedanse.comiti-sport.fr<\/a>\/<\/p>\n\n\n\n<p><mark style=\"background-color:rgba(0, 0, 0, 0)\" class=\"has-inline-color has-vivid-red-color\"><b><em><strong style=\"word-spacing: normal;\"><span style=\"color: #ff0000;\">L&rsquo;inscription ne sera d\u00e9finitive qu&rsquo;apr\u00e8s validation du dossier COMPLET <\/span><\/strong><\/em><\/b>aupr\u00e8s de l&rsquo;assistante administrative de l&rsquo;association<\/mark> de votre dossier dans votre espace. <strong>Il est possible de faire un paiement en ligne sur plusieurs mensualit\u00e9s dont la premi\u00e8re est lors de l&rsquo;inscription, la seconde un mois apr\u00e8s l&rsquo;inscription et la derni\u00e8re 2 mois apr\u00e8s l&rsquo;inscription. <\/strong><\/p>\n\n\n\n<p>Nos coordonn\u00e9es si besoin : secretariat@ozedanse.fr <\/p>\n\n\n\n<p><em><strong>L<\/strong><\/em><strong style=\"font-style: italic;\">e certificat m\u00e9dical est non obligatoire mais conseill\u00e9 surtout pour une nouvelle inscription !<\/strong> A d\u00e9faut, nous vous demanderons de compl\u00e9ter la d\u00e9charge pr\u00e9sente dans le dossier d&rsquo;inscription.<\/p>\n\n\n\n<h4 class=\"wp-block-heading\"><span style=\"color: #cc99ff;\"><strong><mark style=\"background-color:rgba(0, 0, 0, 0)\" class=\"has-inline-color has-pale-pink-color\">Membre m\u00eame famille et fid\u00e9lit\u00e9<\/mark><\/strong><\/span><\/h4>\n\n\n\n<p>R\u00e9duction de 24\u20ac cumulative (12\u20ac de r\u00e9duction adh\u00e9sion+12\u20ac multi cours) qui s&rsquo;applique sur le panier pour :<\/p>\n\n\n\n<ul>\n<li>un membre du m\u00eame foyer familial qui exerce la danse au sein de l&rsquo;association, ou<\/li>\n\n\n\n<li>si vous pratiquez une autre danse au sein de l&rsquo;association<\/li>\n<\/ul>\n\n\n\n<p>ex r\u00e9duction de 36\u20ac si l&rsquo;\u00e9l\u00e8ve pratique 3 danses ou est le 2\u00e8me membre du foyer + pratique 2 danses ; r\u00e9duction de 48\u20ac si l&rsquo;\u00e9l\u00e8ve pratiques 4 danses ou est le 2\u00e8me membre du foyer + s&rsquo;il pratique 3 danses &#8230; (r\u00e9duction comprenant les 12\u20ac d&rsquo;adh\u00e9sion inclue dans chaque produit)<\/p>\n\n\n\n<p class=\"has-text-align-left\"><strong><mark style=\"background-color:rgba(0, 0, 0, 0)\" class=\"has-inline-color has-vivid-purple-color\">Et pour permettre l&rsquo;accessibilit\u00e9 de nos cours \u00e0 tous une remise suppl\u00e9mentaire qui s\u2019applique en fonction du quotient familial est \u00e0 renseigner dans votre profil lors de la cr\u00e9ation de votre compte. La r\u00e9duction est applicable une seule fois par famille.<\/mark><\/strong><\/p>\n","protected":false},"excerpt":{"rendered":"<p>L\u2019inscription aux cours de danse s\u2019effectue pour une&nbsp;saison compl\u00e8te qui d\u00e9marre en Septembre et se termine en Juin. Avec Ozedanse vous b\u00e9n\u00e9ficiez de cours progressifs sur l\u2019ann\u00e9e. Vous avez cours 1 fois par semaine, ce qui correspond \u00e0 31 cours dans l\u2019ann\u00e9e, sauf pour le classique qui est sur 29 cours. Vous \u00e9voluez ainsi avec &hellip; <\/p>\n","protected":false},"author":1,"featured_media":0,"parent":0,"menu_order":0,"comment_status":"closed","ping_status":"closed","template":"","meta":[],"_links":{"self":[{"href":"https:\/\/ozedanse.fr\/index.php\/wp-json\/wp\/v2\/pages\/484"}],"collection":[{"href":"https:\/\/ozedanse.fr\/index.php\/wp-json\/wp\/v2\/pages"}],"about":[{"href":"https:\/\/ozedanse.fr\/index.php\/wp-json\/wp\/v2\/types\/page"}],"author":[{"embeddable":true,"href":"https:\/\/ozedanse.fr\/index.php\/wp-json\/wp\/v2\/users\/1"}],"replies":[{"embeddable":true,"href":"https:\/\/ozedanse.fr\/index.php\/wp-json\/wp\/v2\/comments?post=484"}],"version-history":[{"count":185,"href":"https:\/\/ozedanse.fr\/index.php\/wp-json\/wp\/v2\/pages\/484\/revisions"}],"predecessor-version":[{"id":2335,"href":"https:\/\/ozedanse.fr\/index.php\/wp-json\/wp\/v2\/pages\/484\/revisions\/2335"}],"wp:attachment":[{"href":"https:\/\/ozedanse.fr\/index.php\/wp-json\/wp\/v2\/media?parent=484"}],"curies":[{"name":"wp","href":"https:\/\/api.w.org\/{rel}","templated":true}]}}