{"id":45,"date":"2025-05-17T22:06:01","date_gmt":"2025-05-17T21:06:01","guid":{"rendered":"http:\/\/ozedanse.fr\/?page_id=45"},"modified":"2025-06-08T12:54:13","modified_gmt":"2025-06-08T11:54:13","slug":"billetterie-en-ligne-2","status":"publish","type":"page","link":"https:\/\/ozedanse.fr\/index.php\/billetterie-en-ligne-2\/","title":{"rendered":"Billetterie : Dansarium Leviosa !"},"content":{"rendered":"\n<p>Attention l&rsquo;achat de place ne vaut que pour la s\u00e9ance choisie !!! L&rsquo;entr\u00e9e des spectateurs d\u00e9butera 30 min avant le d\u00e9but des repr\u00e9sentations.<\/p>\n\n\n\n<p class=\"has-text-align-left\">GALA du samedi 14 juin 2024 \u00e0 14h30  <a href=\"https:\/\/www.payasso.fr\/ozedanse\/galasam14am\" target=\"_blank\" rel=\"noreferrer noopener\">Gala samedi 14 juin apr\u00e8s midi<\/a><\/p>\n\n\n\n<p>GALA du samedi 14 juin 2024 \u00e0 20h30 Les cours suivants ne participent pas \u00e0 cette repr\u00e9sentation : <strong>Initiation 6\/7<\/strong>.&nbsp; <a href=\"https:\/\/www.payasso.fr\/ozedanse\/galasam14soir\" target=\"_blank\" rel=\"noreferrer noopener\">Gala samedi 14 juin soir<\/a><\/p>\n\n\n\n<p>GALA du dimanche 15 juin 2024 \u00e0 14h30 <a rel=\"noreferrer noopener\" href=\"https:\/\/www.payasso.fr\/ozedanse\/galadim15am\" target=\"_blank\">Gala dimanche 15 juin apr\u00e8s midi<\/a><\/p>\n\n\n\n<p><strong>Bar sur place (boissons et g\u00e2teaux), n&rsquo;oubliez pas votre monnaie pour les Ecocup (1\u20ac de caution)<\/strong>. <strong>Une solution de paiement par CB sera possible pour les consommations.<\/strong><\/p>\n\n\n\n<p>A noter : <strong>VOUS NE RECEVREZ PAS DE BILLET D&rsquo;ENTREE<\/strong>, le ticket de paiement avec le d\u00e9tail du type de places a une valeur de billet qui n&rsquo;est pas n\u00e9cessaire d&rsquo;imprimer. Nous vous demanderons le nom de l&rsquo;acheteur \u00e0 l&rsquo;entr\u00e9e ! (merci de v\u00e9rifier si la confirmation de commande n&rsquo;est pas dans vos spams avant de nous solliciter)<\/p>\n\n\n\n<p>Nous sommes \u00e0 la recherche de b\u00e9n\u00e9voles pour que les \u00e9l\u00e8ves soient dans les meilleures conditions alors n&rsquo;h\u00e9sitez pas \u00e0 nous contacter sur secretariat@ozedanse.fr pour nous indiquer quand vous \u00eates disponible.<\/p>\n\n\n\n<div class=\"wp-block-group is-layout-flow\"><div class=\"wp-block-group__inner-container\"><\/div><\/div>\n","protected":false},"excerpt":{"rendered":"<p>Attention l&rsquo;achat de place ne vaut que pour la s\u00e9ance choisie !!! L&rsquo;entr\u00e9e des spectateurs d\u00e9butera 30 min avant le d\u00e9but des repr\u00e9sentations. GALA du samedi 14 juin 2024 \u00e0 14h30 Gala samedi 14 juin apr\u00e8s midi GALA du samedi 14 juin 2024 \u00e0 20h30 Les cours suivants ne participent pas \u00e0 cette repr\u00e9sentation : &hellip; <\/p>\n","protected":false},"author":1,"featured_media":2299,"parent":0,"menu_order":0,"comment_status":"closed","ping_status":"closed","template":"","meta":[],"_links":{"self":[{"href":"https:\/\/ozedanse.fr\/index.php\/wp-json\/wp\/v2\/pages\/45"}],"collection":[{"href":"https:\/\/ozedanse.fr\/index.php\/wp-json\/wp\/v2\/pages"}],"about":[{"href":"https:\/\/ozedanse.fr\/index.php\/wp-json\/wp\/v2\/types\/page"}],"author":[{"embeddable":true,"href":"https:\/\/ozedanse.fr\/index.php\/wp-json\/wp\/v2\/users\/1"}],"replies":[{"embeddable":true,"href":"https:\/\/ozedanse.fr\/index.php\/wp-json\/wp\/v2\/comments?post=45"}],"version-history":[{"count":44,"href":"https:\/\/ozedanse.fr\/index.php\/wp-json\/wp\/v2\/pages\/45\/revisions"}],"predecessor-version":[{"id":2272,"href":"https:\/\/ozedanse.fr\/index.php\/wp-json\/wp\/v2\/pages\/45\/revisions\/2272"}],"wp:featuredmedia":[{"embeddable":true,"href":"https:\/\/ozedanse.fr\/index.php\/wp-json\/wp\/v2\/media\/2299"}],"wp:attachment":[{"href":"https:\/\/ozedanse.fr\/index.php\/wp-json\/wp\/v2\/media?parent=45"}],"curies":[{"name":"wp","href":"https:\/\/api.w.org\/{rel}","templated":true}]}}