{"id":159,"date":"2016-01-20T18:12:28","date_gmt":"2016-01-20T17:12:28","guid":{"rendered":"http:\/\/ozedanse.fr\/?page_id=159"},"modified":"2022-08-04T14:26:11","modified_gmt":"2022-08-04T13:26:11","slug":"galerie-photo","status":"publish","type":"page","link":"https:\/\/ozedanse.fr\/index.php\/galerie-photo\/","title":{"rendered":"Photos &#038; Vid\u00e9os"},"content":{"rendered":"<p><strong>Gala 2022 &#8211; Oz\u00e9land<\/strong><\/p>\n<p><a href=\"http:\/\/ozedanse.fr\/index.php\/2022\/08\/04\/photos-du-gala-2022-ozeland\/\" rel=\"noopener\">\u00a0 \u00a0 \u00a0 \u00a0 \u00a0 Les photos<\/a><\/p>\n<p><a href=\"https:\/\/photos.app.goo.gl\/PGdXWgx8r5rn3zYT8\">\u00a0 \u00a0 \u00a0 \u00a0 \u00a0 Les vid\u00e9os<\/a><\/p>\n<p><strong>Gala 2019 &#8211; Terre \u00e0 Terre<\/strong><\/p>\n<p style=\"padding-left: 40px;\"><a href=\"https:\/\/photos.app.goo.gl\/1min3LMt1ftp4Ekm9\">Les photos<\/a><\/p>\n<p><strong>Gala 2018 &#8211; Abracatastrophe !<\/strong><\/p>\n<p style=\"padding-left: 40px;\"><a href=\"http:\/\/ozedanse.fr\/index.php\/2018\/06\/12\/videos-du-gala-2018\/\">Les vid\u00e9os<\/a><\/p>\n<p style=\"padding-left: 40px;\"><a href=\"http:\/\/ozedanse.fr\/index.php\/2018-gala-abracatastrophe-photos\/\">Les photos<\/a><\/p>\n<p><strong>Gala 2017 &#8211; Splash Danse<\/strong><\/p>\n<p style=\"padding-left: 30px;\"><a href=\"http:\/\/ozedanse.fr\/index.php\/2017\/06\/28\/videos-du-gala-2017\/\">Les vid\u00e9os<\/a><\/p>\n<p style=\"padding-left: 30px;\"><a href=\"http:\/\/ozedanse.fr\/index.php\/2017\/07\/03\/photos-du-gala-2017\/\">Les photos<\/a><\/p>\n<p><strong>Archives<\/strong><\/p>\n<p style=\"padding-left: 30px;\"><a href=\"http:\/\/ozedanse.fr\/index.php\/2016\/06\/12\/gala-2016\/\">Gala 2016 &#8211; Photo et d\u00e9veloppement<\/a><\/p>\n<p style=\"padding-left: 30px;\"><a href=\"http:\/\/ozedanse.fr\/index.php\/2015\/12\/28\/photos-gala-2015\/\">Gala 2015 &#8211; Voyage dans ta maison !<\/a><\/p>\n<p style=\"padding-left: 30px;\"><a href=\"http:\/\/ozedanse.fr\/index.php\/2015\/12\/28\/photos-gala-2014\/\">Gala 2014 &#8211; Les r\u00eaves de Tintin<\/a><\/p>\n<p style=\"padding-left: 30px;\"><a href=\"http:\/\/ozedanse.fr\/index.php\/2013\/07\/01\/gala-2013\/\">Gala 2013 &#8211; Vent de panique au mus\u00e9e&#8230;<\/a><\/p>\n\n\n<p><\/p>\n","protected":false},"excerpt":{"rendered":"<p>Gala 2022 &#8211; Oz\u00e9land \u00a0 \u00a0 \u00a0 \u00a0 \u00a0 Les photos \u00a0 \u00a0 \u00a0 \u00a0 \u00a0 Les vid\u00e9os Gala 2019 &#8211; Terre \u00e0 Terre Les photos Gala 2018 &#8211; Abracatastrophe ! Les vid\u00e9os Les photos Gala 2017 &#8211; Splash Danse Les vid\u00e9os Les photos Archives Gala 2016 &#8211; Photo et d\u00e9veloppement Gala 2015 &#8211; Voyage &hellip; <\/p>\n","protected":false},"author":1,"featured_media":0,"parent":0,"menu_order":0,"comment_status":"closed","ping_status":"closed","template":"","meta":[],"_links":{"self":[{"href":"https:\/\/ozedanse.fr\/index.php\/wp-json\/wp\/v2\/pages\/159"}],"collection":[{"href":"https:\/\/ozedanse.fr\/index.php\/wp-json\/wp\/v2\/pages"}],"about":[{"href":"https:\/\/ozedanse.fr\/index.php\/wp-json\/wp\/v2\/types\/page"}],"author":[{"embeddable":true,"href":"https:\/\/ozedanse.fr\/index.php\/wp-json\/wp\/v2\/users\/1"}],"replies":[{"embeddable":true,"href":"https:\/\/ozedanse.fr\/index.php\/wp-json\/wp\/v2\/comments?post=159"}],"version-history":[{"count":19,"href":"https:\/\/ozedanse.fr\/index.php\/wp-json\/wp\/v2\/pages\/159\/revisions"}],"predecessor-version":[{"id":1883,"href":"https:\/\/ozedanse.fr\/index.php\/wp-json\/wp\/v2\/pages\/159\/revisions\/1883"}],"wp:attachment":[{"href":"https:\/\/ozedanse.fr\/index.php\/wp-json\/wp\/v2\/media?parent=159"}],"curies":[{"name":"wp","href":"https:\/\/api.w.org\/{rel}","templated":true}]}}