{"id":143,"date":"2016-01-20T17:47:35","date_gmt":"2016-01-20T16:47:35","guid":{"rendered":"http:\/\/ozedanse.fr\/?page_id=143"},"modified":"2022-09-01T09:19:20","modified_gmt":"2022-09-01T08:19:20","slug":"contact","status":"publish","type":"page","link":"https:\/\/ozedanse.fr\/index.php\/contact\/","title":{"rendered":"Contact"},"content":{"rendered":"<p>Adresse postale :<\/p>\n<blockquote><p>\u00c9cole de danse de Beaucouz\u00e9 (Oz\u00e9Danse)<br \/>\nsalle du Domino<br \/>\nchemin de la Houssaie<br \/>\n49070 Beaucouz\u00e9<\/p><\/blockquote>\n<p>Les cours se d\u00e9roulent :<\/p>\n<ul>\n<li>Salle du\u00a0Domino (<a href=\"https:\/\/www.google.fr\/maps\/@47.4758857,-0.639329,17.07z\" target=\"_blank\" rel=\"noopener\">salle de danse, chemin de la Houssaie, Beaucouz\u00e9<\/a>)<\/li>\n<\/ul>\n<p><a href=\"http:\/\/ozedanse.fr\/wp-content\/uploads\/2016\/01\/Domino.jpg\" rel=\"attachment wp-att-148\"><img decoding=\"async\" loading=\"lazy\" class=\"alignnone size-full wp-image-148\" src=\"http:\/\/ozedanse.fr\/wp-content\/uploads\/2016\/01\/Domino.jpg\" alt=\"Domino\" width=\"616\" height=\"199\" srcset=\"https:\/\/ozedanse.fr\/wp-content\/uploads\/2016\/01\/Domino.jpg 616w, https:\/\/ozedanse.fr\/wp-content\/uploads\/2016\/01\/Domino-300x97.jpg 300w\" sizes=\"(max-width: 616px) 100vw, 616px\" \/><\/a><\/p>\n<ul>\n<li>Salle Noureev (<a href=\"https:\/\/www.google.fr\/maps\/search\/complexe+sportif,+beaucouz\u00e9\/@47.4742315,-0.6257824,17.12z\" target=\"_blank\" rel=\"noopener\">complexe sportif Jacques Aubineau, 5bis avenue de la Grange aux Belles, Beaucouz\u00e9<\/a>)<\/li>\n<\/ul>\n<h1>Formulaire de contact<\/h1>\n<form method=\"post\" id=\"cntctfrm_contact_form\" class=\"cntctfrm_contact_form cntctfrm_one_column cntctfrm_ltr cntctfrm_width_default\" action=\"\/index.php\/wp-json\/wp\/v2\/pages\/143#cntctfrm_contact_form\" enctype=\"multipart\/form-data\"><div id=\"cntctfrm_first_column\" class=\"cntctfrm_column\"><div class=\"cntctfrm_field_wrap cntctfrm_field_name_wrap\"namecontact><div class=\"cntctfrm_label cntctfrm_label_name\">\n\t\t\t\t\t\t\t\t\t<label for=\"cntctfrm_contact_name\"> <span class=\"required\">*<\/span><\/label><\/div><div class=\"cntctfrm_input cntctfrm_input_name\">\n\t\t\t\t\t\t\t\t\t<input namecontact class=\"text\" type=\"text\" size=\"40\" pattern=\"^([\\p{L}\\p{M}]{2,}(\\s)*(\\p{L}+\\p{M}*-*){1,})|([\\p{L}\\p{M}]{3,})\" title=\"Veuillez saisir uniquement des lettres d'au moins 3 caract\u00e8res, les mots \u00e9tant s\u00e9par\u00e9s par des espaces\" value=\"\" name=\"cntctfrm_contact_name\" id=\"cntctfrm_contact_name\" \/><\/div><\/div><div class=\"cntctfrm_field_wrap cntctfrm_field_email_wrap\"email><div class=\"cntctfrm_label cntctfrm_label_email\">\n\t\t\t\t\t\t\t\t\t<label for=\"cntctfrm_contact_email\"> <span class=\"required\">*<\/span><\/label>\n\t\t\t\t\t\t\t\t<\/div><div class=\"cntctfrm_input cntctfrm_input_email\">\n\t\t\t\t\t\t\t\t\t<input email class=\"text\" type=\"email\" size=\"40\" value=\"\" name=\"cntctfrm_contact_email\" id=\"cntctfrm_contact_email\" \/><\/div><\/div><div class=\"cntctfrm_field_wrap cntctfrm_field_subject_wrap\"subject><div class=\"cntctfrm_label cntctfrm_label_subject\">\n\t\t\t\t\t\t\t\t\t<label for=\"cntctfrm_contact_subject\"> <span class=\"required\">*<\/span><\/label>\n\t\t\t\t\t\t\t\t<\/div><div class=\"cntctfrm_input cntctfrm_input_subject\">\n\t\t\t\t\t\t\t\t<input subject pattern=\"^([\\p{M}\\p{L}]{1,}(\\s\\p{M}*\\p{L}+-*)*){3,}\" title=\"Veuillez saisir uniquement des lettres d'au moins 3 caract\u00e8res, les mots \u00e9tant s\u00e9par\u00e9s par des espaces\" class=\"text\" type=\"text\" size=\"40\" value=\"\" name=\"cntctfrm_contact_subject\" id=\"cntctfrm_contact_subject\" \/><\/div><\/div><div class=\"cntctfrm_field_wrap cntctfrm_field_message_wrap\"message><div class=\"cntctfrm_label cntctfrm_label_message\">\n\t\t\t\t\t\t\t\t<label for=\"cntctfrm_contact_message\"> <span class=\"required\">*<\/span><\/label>\n\t\t\t\t\t\t\t<\/div><div class=\"cntctfrm_input cntctfrm_input_message\">\n\t\t\t\t\t\t\t\t<textarea message rows=\"5\" cols=\"30\"name=\"cntctfrm_contact_message\" id=\"cntctfrm_contact_message\"><\/textarea><\/div><\/div><\/div><div class=\"clear\"><\/div><div class=\"cntctfrm_submit_wrap\"><div id=\"cntctfrm_submit_first_column\" class=\"cntctfrm_column\"><div class=\"cntctfrm_input cntctfrm_input_submit\"><input type=\"hidden\" value=\"send\" name=\"cntctfrm_contact_action\">\n\t\t\t\t\t\t\t<input type=\"hidden\" value=\"fr\" name=\"cntctfrm_language\">\n\t\t\t\t\t\t\t<input type=\"hidden\" value=\"1\" name=\"cntctfrm_form_submited\">\n\t\t\t\t\t\t\t<input type=\"hidden\" value=\"cntctfrm_options\" name=\"cntctfrm_options_name\">\n\t\t\t\t\t\t\t<input type=\"submit\" value=\"\" class=\"cntctfrm_contact_submit\" \/>\n\t\t\t\t\t\t<\/div><\/div><div id=\"cntctfrm_submit_second_column\" class=\"cntctfrm_column\"><\/div><div class=\"clear\"><\/div>\n\t\t\t<\/div>\n\t\t\t<\/form>\n","protected":false},"excerpt":{"rendered":"<p>Adresse postale : \u00c9cole de danse de Beaucouz\u00e9 (Oz\u00e9Danse) salle du Domino chemin de la Houssaie 49070 Beaucouz\u00e9 Les cours se d\u00e9roulent : Salle du\u00a0Domino (salle de danse, chemin de la Houssaie, Beaucouz\u00e9) Salle Noureev (complexe sportif Jacques Aubineau, 5bis avenue de la Grange aux Belles, Beaucouz\u00e9) Formulaire de contact<\/p>\n","protected":false},"author":1,"featured_media":0,"parent":0,"menu_order":0,"comment_status":"closed","ping_status":"closed","template":"","meta":[],"_links":{"self":[{"href":"https:\/\/ozedanse.fr\/index.php\/wp-json\/wp\/v2\/pages\/143"}],"collection":[{"href":"https:\/\/ozedanse.fr\/index.php\/wp-json\/wp\/v2\/pages"}],"about":[{"href":"https:\/\/ozedanse.fr\/index.php\/wp-json\/wp\/v2\/types\/page"}],"author":[{"embeddable":true,"href":"https:\/\/ozedanse.fr\/index.php\/wp-json\/wp\/v2\/users\/1"}],"replies":[{"embeddable":true,"href":"https:\/\/ozedanse.fr\/index.php\/wp-json\/wp\/v2\/comments?post=143"}],"version-history":[{"count":9,"href":"https:\/\/ozedanse.fr\/index.php\/wp-json\/wp\/v2\/pages\/143\/revisions"}],"predecessor-version":[{"id":1898,"href":"https:\/\/ozedanse.fr\/index.php\/wp-json\/wp\/v2\/pages\/143\/revisions\/1898"}],"wp:attachment":[{"href":"https:\/\/ozedanse.fr\/index.php\/wp-json\/wp\/v2\/media?parent=143"}],"curies":[{"name":"wp","href":"https:\/\/api.w.org\/{rel}","templated":true}]}}